{"id":23,"date":"2022-09-16T09:11:00","date_gmt":"2022-09-16T09:11:00","guid":{"rendered":"https:\/\/tauchen-cr.de\/?page_id=23"},"modified":"2022-12-08T09:40:31","modified_gmt":"2022-12-08T09:40:31","slug":"home","status":"publish","type":"page","link":"https:\/\/tauchen-cr.de\/","title":{"rendered":"Home"},"content":{"rendered":"<p><b>Willkommen <\/b>&#8230;<\/p>\n<p>hast Du Interesse, die Unterwasserwelt auch in unseren Regionen kennen zu lernen, oder m\u00f6chtest Du einfach mal das faszinierende Gef\u00fchl der Schwerelosigkeit erleben?<\/p>\n<p>Wir bieten als Verein die M\u00f6glichkeit, an unserem tollen Sport, mit geselligen Menschen, teilzuhaben oder einfach nur mal rein zu &#8222;schnuppern&#8220;.<\/p>\n<p>Wir m\u00f6chten Dich einladen, einfach mal unverbindlich beim Vereinstraining mitzumachen oder nach vorheriger Absprache auch einen Schnupperkurs zu absolvieren.<\/p>\n<p>Tauchen ist ein Sport f\u00fcr die ganze Familie! Wir legen gro\u00dfen Wert auf unsere Vereinsarbeit. Deshalb sind wir komplett mit Ausr\u00fcstungen f\u00fcr Jung und Alt ausgestattet.<\/p>\n","protected":false},"excerpt":{"rendered":"<p>Willkommen &#8230; hast Du Interesse, die Unterwasserwelt auch in unseren Regionen kennen zu lernen, oder m\u00f6chtest Du einfach mal das[&#8230;]<\/p>\n","protected":false},"author":1,"featured_media":386,"parent":0,"menu_order":0,"comment_status":"closed","ping_status":"closed","template":"template-fullwidth.php","meta":{"footnotes":""},"class_list":["post-23","page","type-page","status-publish","has-post-thumbnail","hentry"],"jetpack_sharing_enabled":true,"_links":{"self":[{"href":"https:\/\/tauchen-cr.de\/index.php\/wp-json\/wp\/v2\/pages\/23","targetHints":{"allow":["GET"]}}],"collection":[{"href":"https:\/\/tauchen-cr.de\/index.php\/wp-json\/wp\/v2\/pages"}],"about":[{"href":"https:\/\/tauchen-cr.de\/index.php\/wp-json\/wp\/v2\/types\/page"}],"author":[{"embeddable":true,"href":"https:\/\/tauchen-cr.de\/index.php\/wp-json\/wp\/v2\/users\/1"}],"replies":[{"embeddable":true,"href":"https:\/\/tauchen-cr.de\/index.php\/wp-json\/wp\/v2\/comments?post=23"}],"version-history":[{"count":36,"href":"https:\/\/tauchen-cr.de\/index.php\/wp-json\/wp\/v2\/pages\/23\/revisions"}],"predecessor-version":[{"id":339,"href":"https:\/\/tauchen-cr.de\/index.php\/wp-json\/wp\/v2\/pages\/23\/revisions\/339"}],"wp:featuredmedia":[{"embeddable":true,"href":"https:\/\/tauchen-cr.de\/index.php\/wp-json\/wp\/v2\/media\/386"}],"wp:attachment":[{"href":"https:\/\/tauchen-cr.de\/index.php\/wp-json\/wp\/v2\/media?parent=23"}],"curies":[{"name":"wp","href":"https:\/\/api.w.org\/{rel}","templated":true}]}}