{"id":45,"date":"2022-09-16T09:35:41","date_gmt":"2022-09-16T09:35:41","guid":{"rendered":"https:\/\/tauchen-cr.de\/?page_id=45"},"modified":"2022-12-07T21:51:13","modified_gmt":"2022-12-07T21:51:13","slug":"der-tauchverein","status":"publish","type":"page","link":"https:\/\/tauchen-cr.de\/index.php\/der-tauchverein\/","title":{"rendered":"Der Tauchverein"},"content":{"rendered":"<style>\/*! elementor - v3.7.6 - 15-09-2022 *\/<br \/>.elementor-widget-image{text-align:center}.elementor-widget-image a{display:inline-block}.elementor-widget-image a img[src$=\".svg\"]{width:48px}.elementor-widget-image img{vertical-align:middle;display:inline-block}<\/style>\n<p><img loading=\"lazy\" decoding=\"async\" class=\"aligncenter\" src=\"https:\/\/tauchen-cr.de\/wp-content\/uploads\/2022\/09\/vereinsgruendung-1.jpg\" alt=\"\" width=\"297\" height=\"197\" \/><\/p>\n<p>Im November 1999 trafen sich 9 Tauchsportbegeisterte und \u00fcberlegten sich wie sie einen eigenen\u00a0Tauchverein gr\u00fcnden k\u00f6nnen.<\/p>\n<p>Am 01.01.2000 um 0.01 Uhr war es dann auch soweit.<\/p>\n<p>Der Tauchverein Castrop-Rauxel e.V. (TCR e.V.) wurde gegr\u00fcndet.<\/p>\n<p>TCR &#8211; Vereinsgr\u00fcndung 1999Unser Verein w\u00e4chst stetig. Zum jetzigen Datum sind bereits \u00fcber 100 Mitglieder zu z\u00e4hlen. Sehr froh sind wir \u00fcber den doch sehr gro\u00dfen Anteil von Kindern und Jugendlichen.<br \/>\nHier sind bereits ca. 30 bei uns Vereinsmitglied.<\/p>\n<p>Das Jahr 2000 war ausgebucht mit Tauchfahrten, Festen oder Tauchkursen. Wir waren Tauchen in Holland, haben das Regenr\u00fcckhaltebecken sauber gemacht, hatten ein gro\u00dfes Sommerfest, haben den Maibaum und den Weihnachtsbaum versenkt und haben noch mehr Tauchsportbegeisterte ausgebildet.<\/p>\n<p>F\u00fcr uns war es ein gro\u00dfes erstes Jahr und wir m\u00f6chten uns noch einmal bei allen bedanken die tatkr\u00e4ftig mit angepackt haben.<\/p>\n","protected":false},"excerpt":{"rendered":"<p>Im November 1999 trafen sich 9 Tauchsportbegeisterte und \u00fcberlegten sich wie sie einen eigenen\u00a0Tauchverein gr\u00fcnden k\u00f6nnen. Am 01.01.2000 um 0.01[&#8230;]<\/p>\n","protected":false},"author":1,"featured_media":0,"parent":0,"menu_order":0,"comment_status":"closed","ping_status":"closed","template":"template-fullwidth.php","meta":{"footnotes":""},"class_list":["post-45","page","type-page","status-publish","hentry"],"jetpack_sharing_enabled":true,"_links":{"self":[{"href":"https:\/\/tauchen-cr.de\/index.php\/wp-json\/wp\/v2\/pages\/45","targetHints":{"allow":["GET"]}}],"collection":[{"href":"https:\/\/tauchen-cr.de\/index.php\/wp-json\/wp\/v2\/pages"}],"about":[{"href":"https:\/\/tauchen-cr.de\/index.php\/wp-json\/wp\/v2\/types\/page"}],"author":[{"embeddable":true,"href":"https:\/\/tauchen-cr.de\/index.php\/wp-json\/wp\/v2\/users\/1"}],"replies":[{"embeddable":true,"href":"https:\/\/tauchen-cr.de\/index.php\/wp-json\/wp\/v2\/comments?post=45"}],"version-history":[{"count":35,"href":"https:\/\/tauchen-cr.de\/index.php\/wp-json\/wp\/v2\/pages\/45\/revisions"}],"predecessor-version":[{"id":374,"href":"https:\/\/tauchen-cr.de\/index.php\/wp-json\/wp\/v2\/pages\/45\/revisions\/374"}],"wp:attachment":[{"href":"https:\/\/tauchen-cr.de\/index.php\/wp-json\/wp\/v2\/media?parent=45"}],"curies":[{"name":"wp","href":"https:\/\/api.w.org\/{rel}","templated":true}]}}