{"id":54,"date":"2022-09-16T09:36:38","date_gmt":"2022-09-16T09:36:38","guid":{"rendered":"https:\/\/tauchen-cr.de\/?page_id=54"},"modified":"2025-08-13T08:34:02","modified_gmt":"2025-08-13T08:34:02","slug":"schnuppertauchen","status":"publish","type":"page","link":"https:\/\/tauchen-cr.de\/index.php\/schnuppertauchen\/","title":{"rendered":"Schnuppertauchen"},"content":{"rendered":"<p>Du interessierst Dich f\u00fcr eine Ausbildung in unserem Verein zum Taucher, aber bist noch unsicher, ob dieser Sport tats\u00e4chlich etwas f\u00fcr Dich ist? Kein Problem! Im Rahmen unseres Vereinstrainings am Montagabend kannst Du in Begleitung erfahrener Ausbilder ein Probetauchen mitmachen.<\/p>\n<p>Unter der Leitung von Hendrik Hustert k\u00fcmmern sich erfahrene Ausbilder in unserem Verein um das Probetauchen. Sie werden mit Dir einen Termin vereinbaren und besprechen, was zum vereinbarten Abend mitzubringen ist. Das erforderliche Material wie Tarierweste, Pressluftflasche, Maske, Flossen und anderes stellt selbstverst\u00e4ndlich der Tauchverein Castrop-Rauxel komplett zur Verf\u00fcgung.<\/p>\n<p><iframe loading=\"lazy\" title=\"YouTube video player\" src=\"https:\/\/www.youtube.com\/embed\/e4LvkgbmgjA?si=RwXb4t_A52n9ftDG\" width=\"560\" height=\"315\" frameborder=\"0\" allowfullscreen=\"allowfullscreen\"><\/iframe><\/p>\n<p>Da es sich nicht um eine Ausbildung handelt, ist eine umfangreiche theoretische Vorbereitung nicht notwendig. Allerdings m\u00fcssen zwei (bei Minderj\u00e4hrigen drei) Erkl\u00e4rungen unterschrieben werden:<br \/>\n&#8211; die Teilnehmererkl\u00e4rung<br \/>\n&#8211; die Haftungsausschlusserkl\u00e4rung<br \/>\n&#8211; die Einverst\u00e4ndniserkl\u00e4rung (bei Minderj\u00e4hrigen)<br \/>\nDiese Erkl\u00e4rungen und ein Fragebogen zu einigen pers\u00f6nlichen Angaben sind auf unserer Homepage unter der Rubrik \u201eDOWNLOADS\u201c verf\u00fcgbar.<\/p>\n<p><b>Der Ablauf des Abends wird sich etwa so gestalten:<br \/>\n<\/b><\/p>\n<p>&#8211; Organisatorisches<br \/>\n&#8211; Kurzeinweisung (im Foyer)<br \/>\n&#8211; Umkleiden<br \/>\n&#8211; Anprobe Ausr\u00fcstung<br \/>\n&#8211; Einweisung (im Flachwasser)<br \/>\n&#8211; Probetauchen<br \/>\n&#8211; Duschen und Umkleiden<br \/>\n&#8211; Nachbesprechung<\/p>\n<p>Im Anschluss an den Vereinsabend sitzen die Mitglieder h\u00e4ufig noch zusammen um zu fachsimpeln oder auch einfach nur ein bisschen zu quatschen. Auch hierzu bist Du nat\u00fcrlich herzlich eingeladen.<\/p>\n<p>Der Kostenbeitrag zum Probetauchen betr\u00e4gt 10,00 \u20acuro. Diese werden bei Teilnahme an einer Ausbildung in unserem Verein komplett auf die Kursgeb\u00fchr angerechnet.<\/p>\n<p><b>Anmeldung und Terminabsprache:<br \/>\n<\/b>Hendrik Hustert\u00a0 \u00a0 0231 758 164 67\u00a0 (Anrufbeantworter \/ R\u00fcckruf)<br \/>\nEmail <a href=\"mailto:post@tauchen-cr.de\">post@tauchen-cr.de<\/a><\/p>\n","protected":false},"excerpt":{"rendered":"<p>Du interessierst Dich f\u00fcr eine Ausbildung in unserem Verein zum Taucher, aber bist noch unsicher, ob dieser Sport tats\u00e4chlich etwas[&#8230;]<\/p>\n","protected":false},"author":1,"featured_media":373,"parent":0,"menu_order":0,"comment_status":"closed","ping_status":"closed","template":"template-fullwidth.php","meta":{"footnotes":""},"class_list":["post-54","page","type-page","status-publish","has-post-thumbnail","hentry"],"jetpack_sharing_enabled":true,"_links":{"self":[{"href":"https:\/\/tauchen-cr.de\/index.php\/wp-json\/wp\/v2\/pages\/54","targetHints":{"allow":["GET"]}}],"collection":[{"href":"https:\/\/tauchen-cr.de\/index.php\/wp-json\/wp\/v2\/pages"}],"about":[{"href":"https:\/\/tauchen-cr.de\/index.php\/wp-json\/wp\/v2\/types\/page"}],"author":[{"embeddable":true,"href":"https:\/\/tauchen-cr.de\/index.php\/wp-json\/wp\/v2\/users\/1"}],"replies":[{"embeddable":true,"href":"https:\/\/tauchen-cr.de\/index.php\/wp-json\/wp\/v2\/comments?post=54"}],"version-history":[{"count":13,"href":"https:\/\/tauchen-cr.de\/index.php\/wp-json\/wp\/v2\/pages\/54\/revisions"}],"predecessor-version":[{"id":814,"href":"https:\/\/tauchen-cr.de\/index.php\/wp-json\/wp\/v2\/pages\/54\/revisions\/814"}],"wp:featuredmedia":[{"embeddable":true,"href":"https:\/\/tauchen-cr.de\/index.php\/wp-json\/wp\/v2\/media\/373"}],"wp:attachment":[{"href":"https:\/\/tauchen-cr.de\/index.php\/wp-json\/wp\/v2\/media?parent=54"}],"curies":[{"name":"wp","href":"https:\/\/api.w.org\/{rel}","templated":true}]}}