{"id":60,"date":"2022-09-16T09:37:04","date_gmt":"2022-09-16T09:37:04","guid":{"rendered":"https:\/\/tauchen-cr.de\/?page_id=60"},"modified":"2022-12-07T21:47:01","modified_gmt":"2022-12-07T21:47:01","slug":"ausbildung-2","status":"publish","type":"page","link":"https:\/\/tauchen-cr.de\/index.php\/ausbildung-2\/","title":{"rendered":"Ausbildung"},"content":{"rendered":"<p>Tauchen ist ein sehr sch\u00f6ner und sicherer Erlebnissport, wenn Du die Regeln und Verfahrensweisen beherrschst. Um dies zu erreichen, bieten wir Dir eine Ausbildung nach den weltweit anerkannten Standards des RSTC an. Als gemeinn\u00fctziger Verein bilden wir nur Mitglieder aus.<\/p>\n<p>Die folgende Grafik erkl\u00e4rt Dir den Weg zum Open Water Diver:<\/p>\n<p><a href=\"https:\/\/tauchen-cr.de\/index.php\/ausbildungsuebersicht\/\"><img loading=\"lazy\" decoding=\"async\" class=\"alignnone size-full wp-image-354\" src=\"https:\/\/tauchen-cr.de\/wp-content\/uploads\/2022\/12\/Ausbildungklein2.jpg\" alt=\"\" width=\"140\" height=\"152\" \/><\/a><\/p>\n<p>Tauchen lernen kannst Du ab 8 bis 10 Jahren.\u00a0 In 3 Stufen kannst Du bis zum Junior Open Water Diver ausgebildet werden. Wir haben 2 speziell ausgebildete Kindertauchlehrer im Verein.<\/p>\n<p>Ab 14 Jahre kannst Du direkt mit dem Open Water Diver beginnen. Der OWD ist die Basis f\u00fcr alle weiteren Zusatzausbildungen und Erweiterungen Deiner F\u00e4higkeiten bis zum Dive Leader.<\/p>\n<p>Alternativ kannst Du auch eine Ausbildung nach den sportlich anspruchsvolleren Standard der CMAS erhalten.<\/p>\n<p>Du hast ein Handicap? Dann erkundige Dich bei uns, wie Tauchen Dir helfen kann, was m\u00f6glich ist und wie die Ausbildung aussieht. Wir haben auch daf\u00fcr einen speziell ausgebildeten Tauchlehrer. Auch wenn Du altersbedingt Bewegungseinschr\u00e4nkungen hast, ist das regelm\u00e4\u00dfige Schwimm- und Schnorcheltraining ein guter Weg, Deine Fitness zu erhalten und Deine Beweglichkeit zu f\u00f6rdern.<\/p>\n<p>Unser Partner f\u00fcr die Ausbildung ist iac, der Internationale Aquanautic Club GmbH &amp; Co. KG.<\/p>\n<p>Solltest Du Interesse am Tauchen haben, aber nicht bei uns Mitglied werden wollen, findest Du dort auch Informationen \u00fcber kommerzielle Tauchschulen weltweit, die nach denselben hohen Standards ausbilden.<\/p>\n<p>Weitere Informationen findest du hier:<\/p>\n<p><a href=\"https:\/\/www.diveiac.com\/\"><img loading=\"lazy\" decoding=\"async\" class=\"alignnone wp-image-369 size-full\" src=\"https:\/\/tauchen-cr.de\/wp-content\/uploads\/2022\/12\/iac-logo2.png\" alt=\"\" width=\"182\" height=\"107\" \/><\/a><\/p>\n<p>&nbsp;<\/p>\n","protected":false},"excerpt":{"rendered":"<p>Tauchen ist ein sehr sch\u00f6ner und sicherer Erlebnissport, wenn Du die Regeln und Verfahrensweisen beherrschst. Um dies zu erreichen, bieten[&#8230;]<\/p>\n","protected":false},"author":1,"featured_media":372,"parent":0,"menu_order":0,"comment_status":"closed","ping_status":"closed","template":"template-fullwidth.php","meta":{"footnotes":""},"class_list":["post-60","page","type-page","status-publish","has-post-thumbnail","hentry"],"jetpack_sharing_enabled":true,"_links":{"self":[{"href":"https:\/\/tauchen-cr.de\/index.php\/wp-json\/wp\/v2\/pages\/60","targetHints":{"allow":["GET"]}}],"collection":[{"href":"https:\/\/tauchen-cr.de\/index.php\/wp-json\/wp\/v2\/pages"}],"about":[{"href":"https:\/\/tauchen-cr.de\/index.php\/wp-json\/wp\/v2\/types\/page"}],"author":[{"embeddable":true,"href":"https:\/\/tauchen-cr.de\/index.php\/wp-json\/wp\/v2\/users\/1"}],"replies":[{"embeddable":true,"href":"https:\/\/tauchen-cr.de\/index.php\/wp-json\/wp\/v2\/comments?post=60"}],"version-history":[{"count":12,"href":"https:\/\/tauchen-cr.de\/index.php\/wp-json\/wp\/v2\/pages\/60\/revisions"}],"predecessor-version":[{"id":371,"href":"https:\/\/tauchen-cr.de\/index.php\/wp-json\/wp\/v2\/pages\/60\/revisions\/371"}],"wp:featuredmedia":[{"embeddable":true,"href":"https:\/\/tauchen-cr.de\/index.php\/wp-json\/wp\/v2\/media\/372"}],"wp:attachment":[{"href":"https:\/\/tauchen-cr.de\/index.php\/wp-json\/wp\/v2\/media?parent=60"}],"curies":[{"name":"wp","href":"https:\/\/api.w.org\/{rel}","templated":true}]}}