{"id":73,"date":"2022-09-16T09:40:01","date_gmt":"2022-09-16T09:40:01","guid":{"rendered":"https:\/\/tauchen-cr.de\/?page_id=73"},"modified":"2026-01-12T17:41:18","modified_gmt":"2026-01-12T17:41:18","slug":"bilder","status":"publish","type":"page","link":"https:\/\/tauchen-cr.de\/index.php\/bilder\/","title":{"rendered":"Bilder"},"content":{"rendered":"<p><a href=\"https:\/\/tauchen-cr.de\/index.php\/jahresrueckblick-2025\/\">Jahresr\u00fcckblick 2025<\/a><\/p>\n<p><a href=\"https:\/\/tauchen-cr.de\/index.php\/weihnachsbaum-2025\/\">Weihnachtsbaum versenken 2025<\/a><\/p>\n<p><a href=\"https:\/\/tauchen-cr.de\/index.php\/weihnachtsfeier-2025\/\">Weihnachtsfeier 2025<\/a><\/p>\n<p><a href=\"https:\/\/tauchen-cr.de\/index.php\/naturagart-2025\/\">NaturaGart 2025<\/a><\/p>\n<p><a href=\"https:\/\/tauchen-cr.de\/index.php\/freibadfest-2025\/\">Freibadfest 2025<\/a><\/p>\n<p><a href=\"https:\/\/tauchen-cr.de\/index.php\/jahresrueckblick-2024\/\">Jahresr\u00fcckblick 2024<\/a><\/p>\n<p><a href=\"https:\/\/tauchen-cr.de\/index.php\/weihnachtsfeier-2024\/\">Weihnachtsfeier 2024<\/a><\/p>\n<p><a href=\"https:\/\/tauchen-cr.de\/index.php\/eisstockschiessen-2024\/\">Eisstockschie\u00dfen 2024<\/a><\/p>\n<p><a href=\"https:\/\/tauchen-cr.de\/index.php\/widdauer-see-2024\/\">Widdauer See 2024<\/a><\/p>\n<p><a href=\"https:\/\/tauchen-cr.de\/index.php\/philippinen-2024\/\">Philippinen 2024<\/a><\/p>\n<p><a href=\"https:\/\/tauchen-cr.de\/index.php\/sandhofer-see\/\">Sandhofer See<\/a><\/p>\n<p><a href=\"https:\/\/tauchen-cr.de\/index.php\/wlt-unterwasser-shooting\/\">WLT Unterwasser-Shooting<\/a><\/p>\n<p><a href=\"https:\/\/tauchen-cr.de\/index.php\/jahresrueckblick-2023\/\">Jahresr\u00fcckblick 2023<\/a><\/p>\n<p><a href=\"https:\/\/tauchen-cr.de\/index.php\/weihnachtsfeier-2023\/\">Weihnachtsfeier 2023<\/a><\/p>\n<p><a href=\"https:\/\/tauchen-cr.de\/index.php\/eisstockschiessen-2023\/\">Eisstockschie\u00dfen 2023<\/a><\/p>\n<p><a href=\"https:\/\/tauchen-cr.de\/index.php\/naturagart-2023\/\">Naturagart 2023<\/a><\/p>\n<p><a href=\"https:\/\/tauchen-cr.de\/index.php\/kulkwitzersee\/\">Kulkwitzer See 2023<\/a><\/p>\n<p><a href=\"https:\/\/tauchen-cr.de\/index.php\/freibadfest-2023\/\">Freibadfest 2023<\/a><\/p>\n<p><a href=\"https:\/\/tauchen-cr.de\/index.php\/weihnachten-2022\/\">Weihnachten 2022<\/a><\/p>\n","protected":false},"excerpt":{"rendered":"<p>Jahresr\u00fcckblick 2025 Weihnachtsbaum versenken 2025 Weihnachtsfeier 2025 NaturaGart 2025 Freibadfest 2025 Jahresr\u00fcckblick 2024 Weihnachtsfeier 2024 Eisstockschie\u00dfen 2024 Widdauer See 2024[&#8230;]<\/p>\n","protected":false},"author":1,"featured_media":720,"parent":0,"menu_order":0,"comment_status":"closed","ping_status":"closed","template":"template-fullwidth.php","meta":{"footnotes":""},"class_list":["post-73","page","type-page","status-publish","has-post-thumbnail","hentry"],"jetpack_sharing_enabled":true,"_links":{"self":[{"href":"https:\/\/tauchen-cr.de\/index.php\/wp-json\/wp\/v2\/pages\/73","targetHints":{"allow":["GET"]}}],"collection":[{"href":"https:\/\/tauchen-cr.de\/index.php\/wp-json\/wp\/v2\/pages"}],"about":[{"href":"https:\/\/tauchen-cr.de\/index.php\/wp-json\/wp\/v2\/types\/page"}],"author":[{"embeddable":true,"href":"https:\/\/tauchen-cr.de\/index.php\/wp-json\/wp\/v2\/users\/1"}],"replies":[{"embeddable":true,"href":"https:\/\/tauchen-cr.de\/index.php\/wp-json\/wp\/v2\/comments?post=73"}],"version-history":[{"count":28,"href":"https:\/\/tauchen-cr.de\/index.php\/wp-json\/wp\/v2\/pages\/73\/revisions"}],"predecessor-version":[{"id":913,"href":"https:\/\/tauchen-cr.de\/index.php\/wp-json\/wp\/v2\/pages\/73\/revisions\/913"}],"wp:featuredmedia":[{"embeddable":true,"href":"https:\/\/tauchen-cr.de\/index.php\/wp-json\/wp\/v2\/media\/720"}],"wp:attachment":[{"href":"https:\/\/tauchen-cr.de\/index.php\/wp-json\/wp\/v2\/media?parent=73"}],"curies":[{"name":"wp","href":"https:\/\/api.w.org\/{rel}","templated":true}]}}